{"id":3511,"date":"2022-05-16T08:08:47","date_gmt":"2022-05-16T08:08:47","guid":{"rendered":"https:\/\/jato.payperthink.es\/?page_id=3511"},"modified":"2022-05-16T09:50:26","modified_gmt":"2022-05-16T09:50:26","slug":"politica-de-cookies","status":"publish","type":"page","link":"https:\/\/2022.jatoprovinciadecaceres.es\/foro\/politica-de-cookies\/","title":{"rendered":"Pol\u00edtica de Cookies"},"content":{"rendered":"<p>[vc_row][vc_column][vc_column_text]<\/p>\n<h1 style=\"text-align: center;\">Pol\u00edtica de cookies<\/h1>\n<p><strong>\u00a0<\/strong><\/p>\n<table width=\"652\">\n<tbody>\n<tr>\n<td colspan=\"2\" width=\"652\"><strong>\u00a0<\/strong><\/p>\n<p>Informaci\u00f3n b\u00e1sica sobre tratamiento de cookies en este Sitio Web<\/td>\n<\/tr>\n<tr>\n<td width=\"326\">Cookies usadas:<\/td>\n<td width=\"326\">Propias y de Terceros<\/td>\n<\/tr>\n<tr>\n<td width=\"326\">\u00bfSe elaboran para obtener estad\u00edsticas?:<\/td>\n<td width=\"326\">S\u00ed<\/td>\n<\/tr>\n<tr>\n<td width=\"326\">\u00bfSe usan para publicidad?:<\/td>\n<td width=\"326\">No (de modo directo)<\/td>\n<\/tr>\n<tr>\n<td width=\"326\">Servicios de terceros que instala cookies a trav\u00e9s de este Sitio Web:<\/td>\n<td width=\"326\">Google Analytics<\/td>\n<\/tr>\n<tr>\n<td colspan=\"2\" width=\"652\">Fecha de \u00faltima actualizaci\u00f3n: 13\/05\/2022<\/td>\n<\/tr>\n<\/tbody>\n<\/table>\n<p><strong>\u00a0<\/strong><\/p>\n<p><strong>1.- Informaci\u00f3n sobre cookies<\/strong><\/p>\n<p>En base a los establecido en la <em>Ley de Servicios de la Sociedad de la Informaci\u00f3<\/em><em>n<\/em> (LSSICE) establecida por el Real Decreto 13\/2012, es de obligaci\u00f3n obtener el consentimiento expreso del Usuario\/a de todas las p\u00e1ginas web que usan <em>cookies <\/em>prescindibles, antes de que este navegue por ellas.<\/p>\n<p><strong>a) <\/strong>\u00bfQu\u00e9 son las cookies?<\/p>\n<p>Las <em>cookies <\/em>y otras tecnolog\u00edas similares tales como local shared objects, flash <em>cookies <\/em>o p\u00edxeles, son herramientas empleadas por los servidores Web para almacenar y recuperar informaci\u00f3n acerca de sus visitantes, as\u00ed como para ofrecer un correcto funcionamiento del sitio web.<\/p>\n<p>Mediante el uso de estos dispositivos se permite al servidor Web recordar algunos datos concernientes al Usuario\/a, como sus preferencias para la visualizaci\u00f3n de las p\u00e1ginas de ese servidor, nombre y contrase\u00f1a, productos que m\u00e1s le interesan, etc.<\/p>\n<p>&nbsp;<\/p>\n<p><strong>b) <\/strong>Cookies afectadas por la normativa y cookies exceptuadas<strong>\u00a0<\/strong><\/p>\n<p>Seg\u00fan la normativa de la Uni\u00f3n Europea, las <em>cookies <\/em>que requieren el consentimiento informado por parte del Usuario\/a son:<\/p>\n<ul>\n<li>Las cookies de anal\u00edtica.<\/li>\n<li>Las cookies de publicidad.<\/li>\n<li>Las cookies de afiliaci\u00f3n.<\/li>\n<\/ul>\n<p>Quedando exceptuadas las de car\u00e1cter t\u00e9cnico y las necesarias para el funcionamiento del Sitio Web o la prestaci\u00f3n de servicios expresamente solicitados por el Usuario\/a.<\/p>\n<p><strong>c) <\/strong>Tipos de cookies<\/p>\n<table width=\"652\">\n<tbody>\n<tr>\n<td width=\"652\">Seg\u00fan la finalidad<\/td>\n<\/tr>\n<tr>\n<td width=\"652\"><em>Cookies <\/em>t\u00e9cnicas y funcionales<\/p>\n<p><strong>Son aquellas que permiten al usuario la navegaci\u00f3n a trav\u00e9s de una p\u00e1gina web, plataforma o aplicaci\u00f3n y la utilizaci\u00f3n de las diferentes opciones o servicios que en ella existan<em>.<\/em><\/strong><\/td>\n<\/tr>\n<tr>\n<td width=\"652\"><em>Cookies <\/em>anal\u00edticas<\/p>\n<p><strong>Son aquellas que permiten al responsable de las mismas el seguimiento y an\u00e1lisis del comportamiento de los usuarios de los sitios web a los que est\u00e1n vinculadas. La informaci\u00f3n recogida mediante este tipo de <em>cookies <\/em>se utiliza en la medici\u00f3n de la actividad de los sitios web, aplicaci\u00f3n o plataforma y para la elaboraci\u00f3n de perfiles de navegaci\u00f3n de los usuarios de dichos sitios, aplicaciones y plataformas, con el fin de introducir mejoras en funci\u00f3n del an\u00e1lisis de los datos de uso que hacen los usuarios del servicio.<\/strong><\/td>\n<\/tr>\n<tr>\n<td width=\"652\"><em>Cookies <\/em>publicitarias<\/p>\n<p><strong>Son aquellas que permiten la gesti\u00f3n, de la forma m\u00e1s eficaz posible, de los espacios publicitarios que, en su caso, el editor haya incluido en una p\u00e1gina web, aplicaci\u00f3n o plataforma desde la que presta el servicio solicitado en base a criterios como el contenido editado o la frecuencia en la que se muestran los anuncios.<\/strong><\/td>\n<\/tr>\n<tr>\n<td width=\"652\"><em>Cookies <\/em>de publicidad comportamental<\/p>\n<p><strong>Recogen informaci\u00f3n sobre las preferencias y elecciones personales del usuario (<em>retargeting<\/em>) para permitir la gesti\u00f3n, de la forma m\u00e1s eficaz posible, de los espacios publicitarios que, en su caso, el editor haya incluido en una p\u00e1gina web, aplicaci\u00f3n o plataforma desde la que presta el servicio solicitado.<\/strong><\/td>\n<\/tr>\n<tr>\n<td width=\"652\"><em>Cookies <\/em>sociales<\/p>\n<p><strong>Son establecidas por las plataformas de redes sociales en los servicios para permitirle compartir contenido con sus amigos y redes. Las plataformas de medios sociales tienen la capacidad de rastrear su actividad en l\u00ednea fuera de los Servicios. Esto puede afectar al contenido y los mensajes que ve en otros servicios que visita.<\/strong><\/td>\n<\/tr>\n<tr>\n<td width=\"652\"><em>Cookies <\/em>de afiliados<\/p>\n<p><strong>Permiten hacer un seguimiento de las visitas procedentes de otras webs, con las que el sitio web establece un contrato de afiliaci\u00f3n (empresas de afiliaci\u00f3n).<\/strong><\/td>\n<\/tr>\n<tr>\n<td width=\"652\"><em>Cookies <\/em>de seguridad<\/p>\n<p><strong>Almacenan informaci\u00f3n cifrada para evitar que los datos guardados en ellas sean vulnerables a ataques maliciosos de terceros.<\/strong><\/td>\n<\/tr>\n<\/tbody>\n<\/table>\n<p><strong>\u00a0<\/strong><\/p>\n<table width=\"651\">\n<tbody>\n<tr>\n<td width=\"651\">Seg\u00fan la propiedad<\/td>\n<\/tr>\n<tr>\n<td width=\"651\"><em>Cookies <\/em>propias<\/p>\n<p>Son aquellas que se env\u00edan al equipo terminal del usuario desde un equipo o dominio gestionado por el propio editor y desde el que se presta el servicio solicitado por el usuario.<\/td>\n<\/tr>\n<tr>\n<td width=\"651\"><em>Cookies <\/em>de terceros<\/p>\n<p>Son aquellas que se env\u00edan al equipo terminal del usuario desde un equipo o dominio que no es gestionado por el editor, sino por otra entidad que trata los datos obtenidos trav\u00e9s de las cookies.<\/td>\n<\/tr>\n<\/tbody>\n<\/table>\n<p>&nbsp;<\/p>\n<table width=\"651\">\n<tbody>\n<tr>\n<td width=\"651\">Seg\u00fan el plazo de conservaci\u00f3n<\/td>\n<\/tr>\n<tr>\n<td width=\"651\"><em>Cookies <\/em>de sesi\u00f3n<\/p>\n<p>Son un tipo de <em>cookies <\/em>dise\u00f1adas para recabar y almacenar datos mientras el usuario accede a una p\u00e1gina web.<\/td>\n<\/tr>\n<tr>\n<td width=\"651\"><em>Cookies <\/em>persistentes<\/p>\n<p>Son un tipo de cookies en el que los datos siguen almacenados en el terminal y pueden ser accedidos y tratados durante un per\u00edodo definido por el responsable de la <em>cookie<\/em>, y que puede ir de unos minutos a varios a\u00f1os.<\/td>\n<\/tr>\n<\/tbody>\n<\/table>\n<p>&nbsp;<\/p>\n<p><strong>2.- Tratamiento de los datos personales en la instalaci\u00f3n de cookies<\/strong><\/p>\n<p>La Diputaci\u00f3n Provincial de C\u00e1ceres es el Responsable del tratamiento de tus datos personales como Interesado y te informa que estos datos ser\u00e1n tratados de conformidad con lo dispuesto en el Reglamento (UE) 2016\/679, de 27 de abril de 2016 (RGPD), por lo que se le facilita la siguiente informaci\u00f3n del tratamiento:<\/p>\n<p>a) Identidad del Responsable:<strong>\u00a0<\/strong><\/p>\n<table width=\"654\">\n<tbody>\n<tr>\n<td width=\"292\"><em>La Diputaci\u00f3n Provincial de C\u00e1ceres<\/em><\/td>\n<td width=\"362\">NIF: P1000000H<\/p>\n<p>Direcci\u00f3n: Plaza de Santa Mar\u00eda s\/n<\/p>\n<p>Email: <a href=\"mailto:seguridaddeinformacion@dip-caceres.es\">seguridaddeinformacion@dip-caceres.es<\/a><\/td>\n<\/tr>\n<\/tbody>\n<\/table>\n<p>&nbsp;<\/p>\n<p>b) Fines del tratamiento:<\/p>\n<p>Seg\u00fan se especifican en el apartado relativo a las <em>cookies <\/em>que se utilizan en este Sitio Web.<\/p>\n<p>&nbsp;<\/p>\n<p>c) Legitimaci\u00f3n del tratamiento:<\/p>\n<p>La \u00fanica base que tiene el Responsable para tratar los datos de las cookies es por consentimiento del Usuario\/a, art\u00edculo 6.1.a) RGPD.<\/p>\n<p>&nbsp;<\/p>\n<p>d) Comunicaci\u00f3n de los datos:<\/p>\n<p>Con car\u00e1cter general, no se comunicar\u00e1n los datos a terceros, excepto en cookies propiedad de terceros o salvo que exista una obligaci\u00f3n legal que justifique tal comunicaci\u00f3n.<\/p>\n<p>&nbsp;<\/p>\n<p>e) Transferencias internacionales de datos:<strong>\u00a0<\/strong><\/p>\n<p>Se informa de la posibilidad e intenci\u00f3n de transferir sus datos personales a un tercer pa\u00eds declarado de nivel adecuado por la Comisi\u00f3n Europea &#8211; EEUU, aplicable a las entidades certificadas en el marco del Escudo de Privacidad UE-EEUU. Decisi\u00f3n (UE) 2016\/1250 de la Comisi\u00f3n, de 12 de julio de 2016-, estableciendo los siguiente posibles importadores a modo enunciativo y sin ser lista cerrada: Google, inc.<\/p>\n<p>&nbsp;<\/p>\n<p>f) Criterios de conservaci\u00f3n de los datos:<\/p>\n<p>Seg\u00fan se especifican en el apartado relativo a las <em>cookies <\/em>que se utilizan en este Sitio Web.<\/p>\n<p>&nbsp;<\/p>\n<p>g) Derechos que asisten al Usuario\/a:<\/p>\n<p>&#8211;\u00a0\u00a0\u00a0\u00a0\u00a0\u00a0 Derecho al acceso a sus datos personales.<\/p>\n<p>&#8211;\u00a0\u00a0\u00a0\u00a0\u00a0\u00a0 Derecho de rectificaci\u00f3n.<\/p>\n<p>&#8211;\u00a0\u00a0\u00a0\u00a0\u00a0\u00a0 Derecho de portabilidad, si corresponde.<\/p>\n<p>&#8211;\u00a0\u00a0\u00a0\u00a0\u00a0\u00a0 Derecho de supresi\u00f3n o de limitaci\u00f3n.<\/p>\n<p>&#8211;\u00a0\u00a0\u00a0\u00a0\u00a0\u00a0 Derecho de oposici\u00f3n a su tratamiento.<\/p>\n<p>&#8211;\u00a0\u00a0\u00a0\u00a0\u00a0\u00a0 Derecho a retirar su consentimiento en cualquier momento sin que ello afecte a la licitud del tratamiento basado en el consentimiento previo a su retirada.<\/p>\n<p>&#8211;\u00a0\u00a0\u00a0\u00a0\u00a0\u00a0 Derecho a presentar una reclamaci\u00f3n ante la Autoridad de control (www.aepd.es) si considera que el tratamiento no se ajusta a la normativa vigente.<\/p>\n<p>Datos de contacto para ejercer sus derechos:<\/p>\n<table width=\"648\">\n<tbody>\n<tr>\n<td width=\"159\">Responsable:<\/td>\n<td width=\"489\">La Diputaci\u00f3n Provincial de C\u00e1ceres<\/td>\n<\/tr>\n<tr>\n<td width=\"159\">Direcci\u00f3n:<\/td>\n<td width=\"489\">Plaza de Santa Mar\u00eda s\/n<\/td>\n<\/tr>\n<tr>\n<td width=\"159\">Correo electr\u00f3nico:<\/td>\n<td width=\"489\"><a href=\"mailto:seguridaddeinformacion@dip-caceres.es\">seguridaddeinformacion@dip-caceres.es<\/a><\/td>\n<\/tr>\n<\/tbody>\n<\/table>\n<p>&nbsp;<\/p>\n<p>3.- Cookies utilizadas en este Sitio Web<\/p>\n<table width=\"641\">\n<tbody>\n<tr>\n<td colspan=\"6\" width=\"641\">Cookies t\u00e9cnicas y funcionales<\/p>\n<p><em>No precisan consentimiento del usuario<\/em><\/td>\n<\/tr>\n<tr>\n<td width=\"108\">NOMBRE<\/td>\n<td width=\"400\">PROP\u00d3SITO<\/td>\n<\/tr>\n<tr>\n<td width=\"108\">NID<\/td>\n<td width=\"400\">Estas cookies se utilizan para recopilar estad\u00edsticas del sitio web y rastrear las tasas de conversi\u00f3n y la personalizaci\u00f3n de anuncios de Google. Expira en un mes.<\/p>\n<p>Al ser de Google, es posible que se lleven a cabo transferencias internacionales de datos, por lo que necesitamos su consentimiento para instalarlas.<\/td>\n<\/tr>\n<tr>\n<td width=\"108\">__Secure-3PAPISID<br \/>\n__Secure-3PSID<br \/>\n__Secure-3PSIDCC<\/td>\n<td width=\"400\">Estas cookies se utilizan para entregar anuncios m\u00e1s relevantes para usted y sus intereses. Expiran a los 5 meses y al a\u00f1o, respectivamente.<\/p>\n<p>Al ser de Google, es posible que se lleven a cabo transferencias internacionales de datos, por lo que necesitamos su consentimiento para instalarlas.<\/td>\n<\/tr>\n<tr>\n<td width=\"108\">_fbp<\/td>\n<td width=\"400\">Utilizado por Facebook para ofrecer una serie de productos publicitarios, como ofertas en tiempo real de terceros anunciantes. Expira en un d\u00eda.<\/td>\n<\/tr>\n<tr>\n<td width=\"108\">gt-cookie-bar-visible<\/td>\n<td width=\"400\">Cookies propias necesarias para la utilizaci\u00f3n de las opciones y servicios del sitio web. Expiran al mes.<\/td>\n<\/tr>\n<tr>\n<td width=\"108\">pum-3396<\/td>\n<td width=\"400\">Cookies propias necesarias para la utilizaci\u00f3n de las opciones y servicios del sitio web. Expiran al mes.<\/td>\n<\/tr>\n<tr>\n<td width=\"108\">vchideactivationmsg_vc11<\/td>\n<td width=\"400\">Cookies propias necesarias para la utilizaci\u00f3n de las opciones y servicios del sitio web. Expiran al mes.<\/td>\n<\/tr>\n<tr>\n<td width=\"108\">wfwaf-authcookie-01bad6ddc74f99604040d8c81bda81fa<\/td>\n<td width=\"400\">Cookies propias necesarias para la utilizaci\u00f3n de las opciones y servicios del sitio web. Expiran al mes.<\/td>\n<\/tr>\n<tr>\n<td width=\"108\">wordpress_logged_in_9e4ff21236ea05e34af4cabdd5ad06d6<\/td>\n<td width=\"400\">Cookies propias necesarias para la utilizaci\u00f3n de las opciones y servicios del sitio web. Expiran al mes.<\/td>\n<\/tr>\n<tr>\n<td width=\"108\">wordpress_sec_9e4ff21236ea05e34af4cabdd5ad06d6<\/td>\n<td width=\"400\">Cookies propias necesarias para la utilizaci\u00f3n de las opciones y servicios del sitio web. Expiran al mes.<\/td>\n<\/tr>\n<tr>\n<td width=\"108\">wp-settings-1<\/td>\n<td width=\"400\">Cookies propias necesarias para la utilizaci\u00f3n de las opciones y servicios del sitio web. Expiran al mes.<\/td>\n<\/tr>\n<\/tbody>\n<\/table>\n<p><strong>\u00a0<\/strong><\/p>\n<table width=\"641\">\n<tbody>\n<tr>\n<td colspan=\"6\" width=\"641\">Cookies anal\u00edticas<\/p>\n<p><em>Marcar o desmarcar en el panel configurador seg\u00fan se desee aceptar o rechazar la instalaci\u00f3n de estas cookies.<\/em><\/td>\n<\/tr>\n<tr>\n<td width=\"68\">NOMBRE<\/td>\n<td width=\"47\">PROP\u00d3SITO<\/td>\n<\/tr>\n<tr>\n<td width=\"68\">_ga<\/td>\n<td width=\"400\">Cookie propia, que permite identificar a los usuarios. Expira a los dos a\u00f1os.<\/p>\n<p>Estas cookies almacenan un identificador \u00fanico para reconocer al usuario las futuras ocasiones que visite el sitio web. Como consecuencia de ello, necesitamos su consentimiento para poder instalarlas.<\/td>\n<\/tr>\n<tr>\n<td colspan=\"6\" width=\"641\"><strong>\u00a0<\/strong><\/p>\n<p>Obtener m\u00e1s informaci\u00f3n para deshabilitar las <em>cookies <\/em>de Google Analytics:<\/p>\n<p>\u25cf\u00a0\u00a0\u00a0\u00a0\u00a0 <a href=\"https:\/\/policies.google.com\/technologies\/managing\">Pol\u00edtica de privacidad de <\/a><a href=\"https:\/\/tools.google.com\/dlpage\/gaoptout\">Google<\/a><\/p>\n<p>\u25cf\u00a0\u00a0\u00a0\u00a0\u00a0 <a href=\"https:\/\/support.google.com\/analytics\/answer\/181881?hl=es\">Exclusi\u00f3n de Google Analytics<\/a><\/td>\n<\/tr>\n<\/tbody>\n<\/table>\n<p>&nbsp;<\/p>\n<table width=\"658\">\n<tbody>\n<tr>\n<td width=\"658\">Cookies de terceros no controladas por el editor<\/p>\n<p>(Google, Youtube, Cloudflare, Bizible, etc.)<\/p>\n<p>Los servicios de terceros son ajenos al control del editor.<\/p>\n<p>Los proveedores pueden modificar en todo momento sus condiciones de servicio, finalidad y utilizaci\u00f3n de las cookies, etc.<\/td>\n<\/tr>\n<tr>\n<td width=\"658\">Algunas de nuestras p\u00e1ginas del sitio web muestran contenido de proveedores externos, como YouTube, Facebook, Twitter, LinkedIn, etc.<\/p>\n<p>Para acceder a los contenidos de terceros, los usuarios deben aceptar previamente las condiciones que estos aplican (entre las que se incluyen sus pol\u00edticas de cookies, ajenas a nuestro control).<\/p>\n<p>Si los usuarios optan por no acceder a esos contenidos, estas cookies de terceros no se instalan en sus dispositivos. Proveedores externos de este sitio web:<\/p>\n<p>YouTube<\/p>\n<p>Internet Archive Google Maps Twitter<\/p>\n<p><u>Vimeo<\/u> <u>Microsoft<\/u> <u>Facebook<\/u> <u>Google<\/u> <u>LinkedIn<\/u> <u>Livestream<\/u> <u>SoundCloud<\/u><\/td>\n<\/tr>\n<\/tbody>\n<\/table>\n<p>&nbsp;<\/p>\n<table width=\"641\">\n<tbody>\n<tr>\n<td colspan=\"3\" width=\"641\"><strong>\u00a0<\/strong>C\u00f3mo gestionar las cookies desde el navegador<\/td>\n<\/tr>\n<tr>\n<td colspan=\"2\" width=\"192\">&nbsp;<\/p>\n<p>Eliminar las cookies del dispositivo<\/td>\n<td width=\"449\">Las cookies que ya est\u00e1n en un dispositivo se pueden eliminar borrando el historial del navegador, con lo que se suprimen las cookies de todos los sitios web visitados.<\/p>\n<p>Sin embargo, tambi\u00e9n se puede perder parte de la informaci\u00f3n guardada (por ejemplo, los datos de inicio de sesi\u00f3n o las preferencias de sitio web).<\/td>\n<\/tr>\n<tr>\n<td colspan=\"2\" width=\"192\">Gestionar las cookies espec\u00edficas del sitio<\/td>\n<td width=\"449\">Para tener un control m\u00e1s preciso de las cookies espec\u00edficas de cada sitio, los usuarios pueden ajustar su configuraci\u00f3n de privacidad y cookies en el navegador.<\/td>\n<\/tr>\n<tr>\n<td colspan=\"2\" width=\"192\">&nbsp;<\/p>\n<p>&nbsp;<\/p>\n<p>Bloquear las cookies<\/td>\n<td width=\"449\">Aunque la mayor\u00eda de los navegadores modernos se pueden configurar para evitar que se instalen cookies en los dispositivos, eso puede obligar al ajuste manual de determinadas preferencias cada vez que se visite un sitio o p\u00e1gina. Adem\u00e1s, algunos servicios y caracter\u00edsticas pueden no funcionar correctamente (por ejemplo, los inicios de sesi\u00f3n con perfil).<\/td>\n<\/tr>\n<tr>\n<td colspan=\"3\" width=\"641\">C\u00f3mo eliminar las cookies de los navegadores m\u00e1s comunes<\/td>\n<\/tr>\n<tr>\n<td width=\"182\">Chrome<\/td>\n<td colspan=\"2\" width=\"460\"><a href=\"http:\/\/support.google.com\/chrome\/answer\/95647?hl=es\">http:\/\/support.google.com\/chrome\/answer\/95647?hl=es<\/a><\/td>\n<\/tr>\n<tr>\n<td width=\"182\">Internet Explorer. Versi\u00f3n 11<\/td>\n<td colspan=\"2\" width=\"460\"><a href=\"https:\/\/support.microsoft.com\/es-es\/help\/278835\/how-to-delete-cookie-files-in-internet-explorer\">https:\/\/support.microsoft.com\/es-es\/help\/278835\/how-to-delete-cookie-files-in-internet-explorer<\/a><\/td>\n<\/tr>\n<tr>\n<td width=\"182\">Firefox. Versi\u00f3n 65.0.1<\/td>\n<td colspan=\"2\" width=\"460\"><a href=\"https:\/\/www.mozilla.org\/es-ES\/privacy\/websites\/%23cookies\">https:\/\/www.mozilla.org\/es-ES\/privacy\/websites\/#cookies<\/a><\/td>\n<\/tr>\n<tr>\n<td width=\"182\">Safari Versi\u00f3n 5.1<\/td>\n<td colspan=\"2\" width=\"460\"><a href=\"https:\/\/support.apple.com\/es-es\/guide\/safari\/sfri11471\/mac\">https:\/\/support.apple.com\/es-es\/guide\/safari\/sfri11471\/mac<\/a><\/td>\n<\/tr>\n<tr>\n<td width=\"182\">Opera<\/td>\n<td colspan=\"2\" width=\"460\"><a href=\"https:\/\/help.opera.com\/en\/latest\/security-and-privacy\/%23clearBrowsingData\">https:\/\/help.opera.com\/en\/latest\/security-and-privacy\/#clearBrowsingData<\/a><\/td>\n<\/tr>\n<tr>\n<td width=\"182\"><\/td>\n<td width=\"11\"><\/td>\n<td width=\"449\"><\/td>\n<\/tr>\n<\/tbody>\n<\/table>\n<p>&nbsp;<\/p>\n<p><strong>4.- Cambios en la Pol\u00edtica de cookies<\/strong><\/p>\n<p>Es posible que la presente Pol\u00edtica de cookies sufra modificaciones en un futuro, por ello es aconsejable que cada vez que el Usuario\/a acceda a este Sitio Web, consulte nuevamente esta pol\u00edtica con el objetivo de estar informado adecuadamente sobre las actualizaciones que se han producido.<\/p>\n<p>&nbsp;<\/p>\n<p><strong>5.- Contacto<\/strong><strong>\u00a0<\/strong><\/p>\n<p>Si tienes cualquier duda, comentario o sugerencia sobre nuestra Pol\u00edtica de cookies, no dudes en ponerte en contacto con nosotros a trav\u00e9s de las siguientes direcciones:<\/p>\n<table width=\"648\">\n<tbody>\n<tr>\n<td width=\"159\">Responsable:<\/td>\n<td width=\"489\">La Diputaci\u00f3n Provincial de C\u00e1ceres<\/td>\n<\/tr>\n<tr>\n<td width=\"159\">Direcci\u00f3n:<\/td>\n<td width=\"489\">Plaza de Santa Mar\u00eda s\/n<\/td>\n<\/tr>\n<tr>\n<td width=\"159\">Correo electr\u00f3nico:<\/td>\n<td width=\"489\"><a href=\"mailto:seguridaddeinformacion@dip-caceres.es\">seguridaddeinformacion@dip-caceres.es<\/a><\/td>\n<\/tr>\n<\/tbody>\n<\/table>\n<p>[\/vc_column_text][\/vc_column][\/vc_row]<\/p>\n","protected":false},"excerpt":{"rendered":"<p>[vc_row][vc_column][vc_column_text] Pol\u00edtica de cookies \u00a0 \u00a0 Informaci\u00f3n b\u00e1sica sobre tratamiento de cookies en este Sitio Web Cookies usadas: Propias y de Terceros \u00bfSe elaboran para obtener estad\u00edsticas?: S\u00ed \u00bfSe usan para publicidad?: No (de modo directo) Servicios de terceros que&#8230;<\/p>\n","protected":false},"author":7,"featured_media":0,"parent":0,"menu_order":0,"comment_status":"closed","ping_status":"closed","template":"","meta":{"_monsterinsights_skip_tracking":false,"_monsterinsights_sitenote_active":false,"_monsterinsights_sitenote_note":"","_monsterinsights_sitenote_category":0,"footnotes":""},"class_list":["post-3511","page","type-page","status-publish","hentry"],"_links":{"self":[{"href":"https:\/\/2022.jatoprovinciadecaceres.es\/foro\/wp-json\/wp\/v2\/pages\/3511","targetHints":{"allow":["GET"]}}],"collection":[{"href":"https:\/\/2022.jatoprovinciadecaceres.es\/foro\/wp-json\/wp\/v2\/pages"}],"about":[{"href":"https:\/\/2022.jatoprovinciadecaceres.es\/foro\/wp-json\/wp\/v2\/types\/page"}],"author":[{"embeddable":true,"href":"https:\/\/2022.jatoprovinciadecaceres.es\/foro\/wp-json\/wp\/v2\/users\/7"}],"replies":[{"embeddable":true,"href":"https:\/\/2022.jatoprovinciadecaceres.es\/foro\/wp-json\/wp\/v2\/comments?post=3511"}],"version-history":[{"count":4,"href":"https:\/\/2022.jatoprovinciadecaceres.es\/foro\/wp-json\/wp\/v2\/pages\/3511\/revisions"}],"predecessor-version":[{"id":3528,"href":"https:\/\/2022.jatoprovinciadecaceres.es\/foro\/wp-json\/wp\/v2\/pages\/3511\/revisions\/3528"}],"wp:attachment":[{"href":"https:\/\/2022.jatoprovinciadecaceres.es\/foro\/wp-json\/wp\/v2\/media?parent=3511"}],"curies":[{"name":"wp","href":"https:\/\/api.w.org\/{rel}","templated":true}]}}