{"id":3500,"date":"2022-05-16T07:37:53","date_gmt":"2022-05-16T07:37:53","guid":{"rendered":"https:\/\/jato.payperthink.es\/?page_id=3500"},"modified":"2022-05-16T07:45:47","modified_gmt":"2022-05-16T07:45:47","slug":"aviso-legal","status":"publish","type":"page","link":"https:\/\/2022.jatoprovinciadecaceres.es\/jornada\/aviso-legal\/","title":{"rendered":"Aviso Legal"},"content":{"rendered":"<h1 style=\"text-align: center;\">Aviso legal<strong>\u00a0<\/strong><\/h1>\n<p>Fecha de \u00faltima actualizaci\u00f3n: 13\/05\/2022<\/p>\n<p>El presente documento, que se presenta como Aviso Legal, pretende establecer las normas y condiciones que regulan el uso del Sitio <a href=\"https:\/\/2022.jatoprovinciadecaceres.es\">www.jatoprovinciadecaceres.es<\/a> (El \u201c<strong>Sitio Web<\/strong>\u201d, en adelante), entendi\u00e9ndose este formado por todas las p\u00e1ginas y contenidos propiedad del <strong>Responsable<\/strong> a los que se accede a trav\u00e9s del mismo y sus subdominios.<\/p>\n<p>La Diputaci\u00f3n Provincial de C\u00e1ceres es responsable del presente Sitio Web (el <strong>\u201c<\/strong><strong>Responsable<\/strong><strong>\u201d<\/strong>, en adelante) y pone a disposici\u00f3n de las personas usuarias este documento a efectos de cumplir con las obligaciones de la <em>Ley 34\/2002, de 11 de julio, de Servicios de la Sociedad de la Informaci\u00f3n y de Comercio Electr\u00f3<\/em><em>nico (LSSICE)<\/em>.<\/p>\n<p>Toda persona que acceda, utilice, navegue y\/o visualice los contenidos del Sitio Web asume el papel de persona usuaria del mismo (el <strong>\u201c<\/strong><strong>Usuario\/a<\/strong><strong>\u201d<\/strong>, en adelante), independientemente de que pueda registrarse y pasar a ser Usuario\/a registrada o no, comprometi\u00e9ndose a la observancia y cumplimiento riguroso de las disposiciones aqu\u00ed dispuestas, as\u00ed como a cualquier otra disposici\u00f3n legal que fuera de aplicaci\u00f3n.<\/p>\n<p>El Responsable se reserva el derecho de modificar cualquier tipo de informaci\u00f3n que pudiera aparecer en el Sitio Web, sin que exista obligaci\u00f3n de preavisar o poner en conocimiento del Usuario\/a dichas obligaciones, entendi\u00e9ndose como suficiente la propia publicaci\u00f3n en el sitio web.<\/p>\n<p>&nbsp;<\/p>\n<p><strong>1.- \u00bfQui\u00e9n es el Responsable de este Sitio Web?<\/strong><\/p>\n<table width=\"656\">\n<tbody>\n<tr>\n<td width=\"348\"><strong>Responsable:<\/strong><\/td>\n<td width=\"308\">La Diputaci\u00f3n Provincial de C\u00e1ceres<\/td>\n<\/tr>\n<tr>\n<td width=\"348\"><strong>Domicilio social:<\/strong><\/td>\n<td width=\"308\">Plaza de Santa Mar\u00eda s\/n<\/td>\n<\/tr>\n<tr>\n<td width=\"348\"><strong>NIF:<\/strong><\/td>\n<td width=\"308\">P1000000H<\/td>\n<\/tr>\n<tr>\n<td width=\"348\"><strong>Nombre de dominio:<\/strong><\/td>\n<td width=\"308\"><a href=\"https:\/\/2022.jatoprovinciadecaceres.es\">jatoprovinciadecaceres.es<\/a><\/td>\n<\/tr>\n<tr>\n<td width=\"348\"><strong>Correo electr\u00f3nico:<\/strong><\/td>\n<td width=\"308\"><a href=\"mailto:seguridaddeinformacion@dip-caceres.es\">seguridaddeinformacion@dip-caceres.es<\/a><\/td>\n<\/tr>\n<tr>\n<td width=\"348\"><strong>Tel\u00e9fono:<\/strong><\/td>\n<td width=\"308\"><\/td>\n<\/tr>\n<tr>\n<td width=\"348\"><strong>Marca o Nombre comercial:<\/strong><\/td>\n<td width=\"308\"><\/td>\n<\/tr>\n<\/tbody>\n<\/table>\n<p>&nbsp;<\/p>\n<p>2.- <strong>Derechos de propiedad intelectual e industrial<\/strong><\/p>\n<p>El Sitio Web, incluyendo a t\u00edtulo enunciativo pero no limitativo su programaci\u00f3n, edici\u00f3n, compilaci\u00f3n y dem\u00e1s elementos necesarios para su funcionamiento, los dise\u00f1os, logotipos, texto y\/o gr\u00e1ficos, son propiedad del Responsable o, si es el caso, dispone de licencia o autorizaci\u00f3n expresa por parte de los autores. Todos los contenidos del Sitio Web se encuentran debidamente protegidos por la normativa de propiedad intelectual e industrial, as\u00ed como inscritos en los registros p\u00fablicos correspondientes.<\/p>\n<p>Independientemente de la finalidad para la que fueran destinados, la reproducci\u00f3n total o parcial, uso, explotaci\u00f3n, distribuci\u00f3n y comercializaci\u00f3n, requiere en todo caso la autorizaci\u00f3n escrita previa por parte del Responsable. Cualquier uso no autorizado previamente se considera un incumplimiento grave de los derechos de propiedad intelectual o industrial del autor. Por ello, queda expresamente prohibida la reproducci\u00f3n, distribuci\u00f3n, comunicaci\u00f3n p\u00fablica y transformaci\u00f3n de la totalidad o parte de los contenidos de este Sitio Web, con fines comerciales, en cualquier soporte y por cualquier medio t\u00e9cnico, sin la autorizaci\u00f3n del Responsable.<\/p>\n<p>Los dise\u00f1os, logotipos, texto y\/o gr\u00e1ficos ajenos al Responsable y que pudieran aparecer en el Sitio Web, pertenecen a sus respectivos propietarios, siendo ellos mismos responsables de cualquier posible controversia que pudiera suscitarse respecto a los mismos. El Responsable autoriza expresamente a que terceros puedan redirigir directamente a los contenidos concretos del Sitio Web, y en todo caso redirigir a su Sitio Web principal.<\/p>\n<p>El Responsable reconoce a favor de sus titulares los correspondientes derechos de propiedad intelectual e industrial, no implicando su sola menci\u00f3n o aparici\u00f3n en el Sitio Web la existencia de derechos o responsabilidad alguna sobre los mismos, como tampoco respaldo, patrocinio o recomendaci\u00f3n por parte del mismo.<\/p>\n<p>Para realizar cualquier tipo de observaci\u00f3n respecto a posibles incumplimientos de los derechos de propiedad intelectual o industrial, as\u00ed como sobre cualquiera de los contenidos del Sitio Web puede hacerlo a trav\u00e9s del correo electr\u00f3nico <a href=\"mailto:seguridaddeinformacion@dip-caceres.es\">seguridaddeinformacion@dip-caceres.es<\/a><\/p>\n<p>&nbsp;<\/p>\n<p><strong>3.- Exclusi\u00f3n de responsabilidad<\/strong><\/p>\n<p>En sentido general y hasta donde la ley lo permita, el Responsable no se responsabiliza de: a) los errores u omisiones en los contenidos; b) la falta de disponibilidad del Sitio Web o; c) la transmisi\u00f3n de programas maliciosos en los contenidos, a pesar de haber adoptado todas las medidas tecnol\u00f3gicas razonables para evitarlo. El Sitio Web se ha revisado y probado para que funcione correctamente. En principio, puede garantizarse el correcto funcionamiento los 365 d\u00edas del a\u00f1o, 24 horas al d\u00eda. Sin embargo, el Responsable no descarta la posibilidad de que existan ciertos errores de programaci\u00f3n, o que acontezcan causas de fuerza mayor, cat\u00e1strofes naturales, huelgas o circunstancias semejantes que hagan imposible el acceso al Sitio Web.<\/p>\n<p>El Responsable se exime de cualquier tipo de responsabilidad derivada de la informaci\u00f3n publicada en su Sitio Web siempre que esta informaci\u00f3n haya sido manipulada o introducida por un tercero ajeno al mismo. Las informaciones expresadas en el Sitio Web deben entenderse como meras orientaciones y el Responsable no responde de ninguna forma acerca de la efectividad, exactitud o actualidad de las mismas, quedando exento de cualquier responsabilidad contractual o extracontractual con los Usuarios\/as que accedan a ellas.<\/p>\n<p>En el sentido de todo lo anterior, el Responsable no se responsabiliza de los da\u00f1os y\/o perjuicios que pudieran derivarse como consecuencia del acceso, uso o mala utilizaci\u00f3n de los contenidos del Sitio Web. El acceso del Usuario\/a no implica para el Responsable la obligaci\u00f3n de controlar la ausencia de virus, gusanos o cualquier otro elemento inform\u00e1tico da\u00f1ino. Corresponde al Usuario\/a, en todo caso, la disponibilidad de herramientas adecuadas para la detecci\u00f3n y desinfecci\u00f3n de programas inform\u00e1ticos da\u00f1inos.<\/p>\n<p>El Responsable no se responsabiliza de los da\u00f1os producidos en el software y equipos inform\u00e1ticos del Usuario o de terceros durante la utilizaci\u00f3n de los servicios ofrecidos en el Sitio Web.<\/p>\n<p>Asimismo, tampoco se responsabiliza de los da\u00f1os o perjuicios de cualquier tipo producidos en el Usuario\/a que traigan causa de fallos o desconexiones en las redes de telecomunicaciones que produzcan la suspensi\u00f3n, cancelaci\u00f3n o interrupci\u00f3n del servicio del Sitio Web durante la prestaci\u00f3n del mismo o con car\u00e1cter previo.<\/p>\n<p>El Responsable no controla previamente, aprueba ni hace propios los contenidos, servicios, opiniones, comunicaciones, datos, archivos, productos y cualquier clase de informaci\u00f3n de terceros, personas jur\u00eddicas o f\u00edsicas, recogidos en el Sitio Web. De igual forma, no garantiza la licitud, fiabilidad, utilidad, veracidad, exactitud, exhaustividad y actualidad de los contenidos, informaciones y servicios de terceros en el Sitio Web. Sin embargo, y en cumplimiento de lo dispuesto en los art\u00edculos 11 y 16 de la LSSICE, se pone a disposici\u00f3n de todos los Usuarios\/as, autoridades y fuerzas de seguridad, colaborando de forma activa en la retirada o, en su caso, bloqueo de todos aquellos contenidos que puedan afectar o contravenir la legislaci\u00f3n nacional o internacional, los derechos de terceros o la moral y el orden p\u00fablico.<\/p>\n<p>El Responsable no ser\u00e1 responsable, ni directa, ni indirecta, ni subsidiariamente, de los da\u00f1os y perjuicios de cualquier naturaleza derivados de la utilizaci\u00f3n negligente o malintencionada de las cuentas de correo electr\u00f3nico utilizadas para cualquier tipo de inserci\u00f3n, comunicaci\u00f3n, gesti\u00f3n o actuaci\u00f3n en el Sitio Web. Asimismo, tampoco ser\u00e1 responsable de cualquier da\u00f1o que pudiera derivarse en relaci\u00f3n con la utilizaci\u00f3n de este Sitio Web o de los links con otros sitios en \u00e9l contenidos.<\/p>\n<p>La exoneraci\u00f3n de responsabilidad se\u00f1alada en los p\u00e1rrafos anteriores ser\u00e1 de aplicaci\u00f3n en el caso de que el Responsable no tenga conocimiento efectivo de que la actividad o la informaci\u00f3n almacenada es il\u00edcita o de que lesiona bienes o derechos de un tercero susceptibles de indemnizaci\u00f3n, o, si la tuviese, act\u00fae con diligencia para retirar los datos y contenidos o hacer imposible el acceso a ellos.<\/p>\n<p>Si se tuviese conocimiento a trav\u00e9s del uso del Sitio Web de la existencia de alg\u00fan contenido contrario a las leyes, a la moral, costumbres o al orden p\u00fablico que pudiera suponer una infracci\u00f3n de derechos de terceros deber\u00e1 notificarse a trav\u00e9s del correo electr\u00f3nico: <a href=\"mailto:seguridaddeinformacion@dip-caceres.es\">seguridaddeinformacion@dip-caceres.es<\/a><\/p>\n<p>&nbsp;<\/p>\n<p><strong>4.- Enlaces<\/strong><\/p>\n<p>Desde el Sitio Web, es posible que se redirija a contenidos de terceros sitios web. Sin embargo, no ejercemos ning\u00fan tipo de control sobre dichos sitios ni sus contenidos, que en realidad est\u00e1n sujetos a sus propios t\u00e9rminos y condiciones. Tampoco asumimos asociaci\u00f3n o responsabilidad alguna por los mismos, ni garantizamos su disponibilidad t\u00e9cnica, calidad, fiabilidad, exactitud o veracidad.<\/p>\n<p>Dado que el Responsable no puede controlar siempre los contenidos introducidos por terceros en sus respectivos sitios web, no asume ning\u00fan tipo de responsabilidad respecto a dichos contenidos. En todo caso, proceder\u00e1 a la retirada inmediata de cualquier contenido que pudiera contravenir la legislaci\u00f3n nacional o internacional, la moral o el orden p\u00fablico, procediendo a la retirada inmediata de la redirecci\u00f3n a dicho sitio web, poniendo en conocimiento de las autoridades competentes el contenido en cuesti\u00f3n.<\/p>\n<p>&nbsp;<\/p>\n<p><strong>5.- Condiciones de uso del Sitio Web<\/strong><\/p>\n<p>El Usuario\/a puede acceder al Sitio Web de manera gratuita, m\u00e1s all\u00e1 de los costes de su conexi\u00f3n a Internet para acceder.<\/p>\n<p>El Usuario\/a no puede hacer un uso del Sitio Web con fines lesivos, ni para el Responsable, ni para terceros, ni ning\u00fan tipo de actuaci\u00f3n que pueda da\u00f1ar o sobrecargar redes, servidores, software, hardware, etc. de estos.<\/p>\n<p>Al acceder al Sitio Web, es responsabilidad del Usuario\/a hacer un uso adecuado de los servicios y contenidos que el Responsable pueda ofrecer y, con car\u00e1cter enunciativo pero no limitativo, a no usarlos para: a) cometer actividades contrarias a la ley, a la buena fe y al orden p\u00fablico; b) difundir contenido de car\u00e1cter racista, xen\u00f3fobo, pornogr\u00e1fico, ilegal, de apolog\u00eda del terrorismo o que atente contra los derechos humanos o libertades fundamentales; c) provocar da\u00f1os en los sistemas del Responsable o de terceros, introducir virus inform\u00e1ticos o cualquier otra aplicaci\u00f3n que provoque da\u00f1os a los sistemas; d) intentar acceder utilizando cuentas de correo electr\u00f3nico de otras personas o modificar y manipular sus mensajes. En este sentido, el Responsable podr\u00eda retirar aquellas informaciones que vulneren el respeto a la dignidad de la persona o que a su juicio no resultaran adecuados para ser publicados; e) suministrar datos falsos o inexactos, as\u00ed como suplantar la identidad de terceros.<\/p>\n<p>El Responsable no se responsabilizar\u00e1 de las posibles informaciones que puedan publicar los Usuarios\/as a trav\u00e9s de chats, comentarios, foros, blogs, redes sociales o cualquier otra herramienta de participaci\u00f3n. El Responsable podr\u00eda denegar o retirar el acceso al Sitio Web y\/o los servicios ofrecidos sin necesidad de preaviso a aquellos Usuarios\/as que incumplan el presente texto y condiciones, puedo emplear el Responsable todos los medios legales a su disposici\u00f3n para perseguir todo incumplimiento del presente Aviso Legal.<\/p>\n<p>&nbsp;<\/p>\n<p><strong>6.- Pol<\/strong><strong>\u00ed<\/strong><strong>tica de Privacidad<\/strong><\/p>\n<p>Se puede obtener m\u00e1s informaci\u00f3n sobre el tratamiento de datos de car\u00e1cter personal que se realiza en este Sitio Web mediante lo establecido en nuestra Pol\u00edtica de privacidad.<\/p>\n<p>&nbsp;<\/p>\n<p><strong>7.- Pol<\/strong><strong>\u00ed<\/strong><strong>tica de Cookies<\/strong><\/p>\n<p>Se puede obtener m\u00e1s informaci\u00f3n sobre el uso que hacemos de las cookies en este Sitio Web mediante lo establecido en nuestra Pol\u00edtica de cookies.<\/p>\n<p>Este Sitio Web puede utilizar cookies t\u00e9cnicas (peque\u00f1os archivos de informaci\u00f3n que el servidor env\u00eda al ordenador de quien accede a la p\u00e1gina) para llevar a cabo determinadas funciones que son consideradas imprescindibles para el correcto funcionamiento y visualizaci\u00f3n del sitio. Las cookies utilizadas tienen, en todo caso, car\u00e1cter temporal, con la \u00fanica finalidad de hacer m\u00e1s eficaz la navegaci\u00f3n, y desaparecen al terminar la sesi\u00f3n del usuario. En ning\u00fan caso, estas cookies proporcionan por s\u00ed mismas datos de car\u00e1cter personal y no se utilizar\u00e1n para la recogida de los mismos.<\/p>\n<p>Mediante el uso de cookies tambi\u00e9n es posible que el servidor donde se encuentra la web reconozca el navegador utilizado por el usuario con la finalidad de que la navegaci\u00f3n sea m\u00e1s sencilla, permitiendo, por ejemplo, el acceso de los usuarios que se hayan registrado previamente a las \u00e1reas, servicios, promociones o concursos reservados exclusivamente a ellos sin tener que registrarse en cada visita. Tambi\u00e9n se pueden utilizar para medir la audiencia, par\u00e1metros de tr\u00e1fico, controlar el progreso y n\u00famero de entradas, etc., siendo en estos casos cookies prescindibles t\u00e9cnicamente, pero beneficiosas para el usuario. Este sitio web no instalar\u00e1 cookies prescindibles sin el consentimiento previo del usuario.<\/p>\n<p>El usuario tiene la posibilidad de configurar su navegador para ser alertado de la recepci\u00f3n de cookies y para impedir su instalaci\u00f3n en su equipo. Por favor, consulte las instrucciones de su navegador para ampliar esta informaci\u00f3n.<\/p>\n<p>&nbsp;<\/p>\n<p><strong>8.- Cl<\/strong><strong>\u00e1<\/strong><strong>usula general<\/strong><\/p>\n<p>Los t\u00edtulos de todas y cada una de las cl\u00e1usulas del presente Aviso Legal son s\u00f3lo a nivel informativo, y no califican, ampl\u00edan o afectan a la interpretaci\u00f3n de \u00e9ste.<\/p>\n<p>En el caso de que cualquier disposici\u00f3n o disposiciones de este Aviso Legal fueran consideradas nulas o inaplicables, en su totalidad o en parte, por cualquier Juzgado, Tribunal u \u00f3rgano administrativo competente, dicha nulidad o inaplicaci\u00f3n no afectar\u00e1 a las otras disposiciones del Aviso Legal.<\/p>\n<p>El no ejercicio o ejecuci\u00f3n por parte del Responsable y del resto de titulares de cualquier derecho o disposici\u00f3n contenida en este Aviso Legal no constituir\u00e1 una renuncia al mismo, salvo reconocimiento y acuerdo por escrito por su parte.<\/p>\n<p>&nbsp;<\/p>\n<p><strong>9.- Modificaciones<\/strong><\/p>\n<p>El Responsable se reserva el derecho de efectuar sin previo aviso las modificaciones que considere oportunas en el presente Sitio Web, pudiendo cambiar, suprimir o a\u00f1adir tanto los contenidos y servicios que se presten a trav\u00e9s del mismo como la forma en la que \u00e9stos aparezcan presentados.<\/p>\n<p>Asimismo, el presente Aviso Legal y los t\u00e9rminos y condiciones en \u00e9l reflejados podr\u00e1n cambiar en cualquier momento. Las modificaciones entrar\u00e1n en vigor desde el momento de su publicaci\u00f3n.<\/p>\n<p>&nbsp;<\/p>\n<p><strong>10.- Ley aplicable y jurisdicci\u00f3n<\/strong><\/p>\n<p>Para la resoluci\u00f3n de todas las controversias o cuestiones relacionadas con el presente Sitio Web o de las actividades en \u00e9l desarrolladas, ser\u00e1 de aplicaci\u00f3n la legislaci\u00f3n espa\u00f1ola, a la que se someten expresamente las partes, siendo competentes para la resoluci\u00f3n de todos los conflictos derivados o relacionados con su uso los Juzgados y Tribunales m\u00e1s cercanos al domicilio del Responsable, siempre que la legislaci\u00f3n aplicable as\u00ed lo permita.<\/p>\n<p>&nbsp;<\/p>\n<p><strong>11.- Contacto<\/strong><\/p>\n<p>Ante cualquier pregunta sobre las condiciones reflejadas en este Aviso Legal, o ante cualquier sugerencia o recomendaci\u00f3n, se puede escribir al Responsable a trav\u00e9s de la siguiente direcci\u00f3n de correo electr\u00f3nico: <a href=\"mailto:seguridaddeinformacion@dip-caceres.es\">seguridaddeinformacion@dip-caceres.es<\/a><\/p>\n","protected":false},"excerpt":{"rendered":"<p>Aviso legal\u00a0 Fecha de \u00faltima actualizaci\u00f3n: 13\/05\/2022 El presente documento, que se presenta como Aviso Legal, pretende establecer las normas y condiciones que regulan el uso del Sitio www.jatoprovinciadecaceres.es (El \u201cSitio Web\u201d, en adelante), entendi\u00e9ndose este formado por todas las&#8230;<\/p>\n","protected":false},"author":7,"featured_media":0,"parent":0,"menu_order":0,"comment_status":"closed","ping_status":"closed","template":"","meta":{"_monsterinsights_skip_tracking":false,"_monsterinsights_sitenote_active":false,"_monsterinsights_sitenote_note":"","_monsterinsights_sitenote_category":0,"footnotes":""},"class_list":["post-3500","page","type-page","status-publish","hentry"],"_links":{"self":[{"href":"https:\/\/2022.jatoprovinciadecaceres.es\/jornada\/wp-json\/wp\/v2\/pages\/3500","targetHints":{"allow":["GET"]}}],"collection":[{"href":"https:\/\/2022.jatoprovinciadecaceres.es\/jornada\/wp-json\/wp\/v2\/pages"}],"about":[{"href":"https:\/\/2022.jatoprovinciadecaceres.es\/jornada\/wp-json\/wp\/v2\/types\/page"}],"author":[{"embeddable":true,"href":"https:\/\/2022.jatoprovinciadecaceres.es\/jornada\/wp-json\/wp\/v2\/users\/7"}],"replies":[{"embeddable":true,"href":"https:\/\/2022.jatoprovinciadecaceres.es\/jornada\/wp-json\/wp\/v2\/comments?post=3500"}],"version-history":[{"count":3,"href":"https:\/\/2022.jatoprovinciadecaceres.es\/jornada\/wp-json\/wp\/v2\/pages\/3500\/revisions"}],"predecessor-version":[{"id":3503,"href":"https:\/\/2022.jatoprovinciadecaceres.es\/jornada\/wp-json\/wp\/v2\/pages\/3500\/revisions\/3503"}],"wp:attachment":[{"href":"https:\/\/2022.jatoprovinciadecaceres.es\/jornada\/wp-json\/wp\/v2\/media?parent=3500"}],"curies":[{"name":"wp","href":"https:\/\/api.w.org\/{rel}","templated":true}]}}